{"id":4673,"date":"2021-11-05T15:08:59","date_gmt":"2021-11-05T14:08:59","guid":{"rendered":"https:\/\/www.fahrschule-fahrplan.de\/?page_id=4673"},"modified":"2022-12-27T12:25:27","modified_gmt":"2022-12-27T11:25:27","slug":"klasse-b","status":"publish","type":"page","link":"https:\/\/alt.fahrschule-fahrplan.de\/en\/klasse-b\/","title":{"rendered":"Class B"},"content":{"rendered":"\n<style type=\"text\/css\" data-created_by=\"avia_inline_auto\" id=\"style-css-av-jm8ufpae-55c63ee57f26e870d90ef183c8919768\">\n.avia-section.av-jm8ufpae-55c63ee57f26e870d90ef183c8919768{\nbackground-repeat:no-repeat;\nbackground-image:url(https:\/\/alt.fahrschule-fahrplan.de\/wp-content\/uploads\/2021\/11\/Klasse-B.jpg);\nbackground-position:50% 50%;\nbackground-attachment:scroll;\n}\n.avia-section.av-jm8ufpae-55c63ee57f26e870d90ef183c8919768 .av-section-color-overlay{\nopacity:0.8;\nbackground-color:#295d75;\n}\n<\/style>\n<div id='av_section_1'  class='avia-section av-jm8ufpae-55c63ee57f26e870d90ef183c8919768 main_color avia-section-default avia-no-border-styling  avia-builder-el-0  el_before_av_section  avia-builder-el-first  avia-full-stretch avia-bg-style-scroll av-section-color-overlay-active av-minimum-height av-minimum-height-custom  container_wrap fullsize'  data-section-bg-repeat='stretch' data-av_minimum_height_px='500'><div class=\"av-section-color-overlay-wrap\"><div class=\"av-section-color-overlay\"><\/div><div class='container av-section-cont-open' style='height:500px'><main  role=\"main\" itemprop=\"mainContentOfPage\"  class='template-page content  av-content-full alpha units'><div class='post-entry post-entry-type-page post-entry-4673'><div class='entry-content-wrapper clearfix'>\n\n<style type=\"text\/css\" data-created_by=\"avia_inline_auto\" id=\"style-css-av-jm8uxrnp-04e4d123498ae535eef24499b8ada6a1\">\n.flex_column.av-jm8uxrnp-04e4d123498ae535eef24499b8ada6a1{\n-webkit-border-radius:0px 0px 0px 0px;\n-moz-border-radius:0px 0px 0px 0px;\nborder-radius:0px 0px 0px 0px;\npadding:0px 0px 0px 0px;\n}\n<\/style>\n<div class='flex_column av-jm8uxrnp-04e4d123498ae535eef24499b8ada6a1 av_one_full  avia-builder-el-1  avia-builder-el-no-sibling  first flex_column_div av-animated-generic right-to-left av-zero-column-padding '     ><style type=\"text\/css\" data-created_by=\"avia_inline_auto\" id=\"style-css-av-8mbhy-bea653b14b89ca3c9f29d65bbb4639f3\">\n#top .av-special-heading.av-8mbhy-bea653b14b89ca3c9f29d65bbb4639f3{\npadding-bottom:10px;\ncolor:#ffffff;\nfont-size:52px;\n}\nbody .av-special-heading.av-8mbhy-bea653b14b89ca3c9f29d65bbb4639f3 .av-special-heading-tag .heading-char{\nfont-size:25px;\n}\n#top #wrap_all .av-special-heading.av-8mbhy-bea653b14b89ca3c9f29d65bbb4639f3 .av-special-heading-tag{\nfont-size:52px;\n}\n.av-special-heading.av-8mbhy-bea653b14b89ca3c9f29d65bbb4639f3 .special-heading-inner-border{\nborder-color:#ffffff;\n}\n.av-special-heading.av-8mbhy-bea653b14b89ca3c9f29d65bbb4639f3 .av-subheading{\nfont-size:18px;\n}\n\n@media only screen and (min-width: 480px) and (max-width: 767px){ \n#top #wrap_all .av-special-heading.av-8mbhy-bea653b14b89ca3c9f29d65bbb4639f3 .av-special-heading-tag{\nfont-size:0.8em;\n}\n}\n\n@media only screen and (max-width: 479px){ \n#top #wrap_all .av-special-heading.av-8mbhy-bea653b14b89ca3c9f29d65bbb4639f3 .av-special-heading-tag{\nfont-size:0.8em;\n}\n}\n<\/style>\n<div  class='av-special-heading av-8mbhy-bea653b14b89ca3c9f29d65bbb4639f3 av-special-heading-h1 custom-color-heading blockquote modern-quote  avia-builder-el-2  avia-builder-el-no-sibling  av-inherit-size'><h1 class='av-special-heading-tag'  itemprop=\"headline\"  >Klasse B<\/h1><div class=\"special-heading-border\"><div class=\"special-heading-inner-border\"><\/div><\/div><\/div><\/div>\n\n<\/div><\/div><\/main><!-- close content main element --><\/div><\/div><\/div><div id='av_section_2'  class='avia-section av-auevsu-67b8b2655065a40c5929e8dd6be7a1da main_color avia-section-default avia-no-border-styling  avia-builder-el-3  el_after_av_section  el_before_av_section  avia-bg-style-scroll container_wrap fullsize'  ><div class='container av-section-cont-open' ><div class='template-page content  av-content-full alpha units'><div class='post-entry post-entry-type-page post-entry-4673'><div class='entry-content-wrapper clearfix'>\n<div class='flex_column av-9casmm-c73e441dd12e21cd2dc1b23ecaff01d3 av_one_full  avia-builder-el-4  el_before_av_one_half  avia-builder-el-first  first flex_column_div '     ><style type=\"text\/css\" data-created_by=\"avia_inline_auto\" id=\"style-css-av-kvmf90ul-9ae39f5f1536556a52ca3691338cbe9d\">\n#top .av-special-heading.av-kvmf90ul-9ae39f5f1536556a52ca3691338cbe9d{\npadding-bottom:10px;\n}\nbody .av-special-heading.av-kvmf90ul-9ae39f5f1536556a52ca3691338cbe9d .av-special-heading-tag .heading-char{\nfont-size:25px;\n}\n.av-special-heading.av-kvmf90ul-9ae39f5f1536556a52ca3691338cbe9d .av-subheading{\nfont-size:15px;\n}\n<\/style>\n<div  class='av-special-heading av-kvmf90ul-9ae39f5f1536556a52ca3691338cbe9d av-special-heading-h2 blockquote modern-quote modern-centered  avia-builder-el-5  avia-builder-el-no-sibling '><h2 class='av-special-heading-tag'  itemprop=\"headline\"  >Merkmale und Spezifikation f\u00fcr Klasse B<\/h2><div class=\"special-heading-border\"><div class=\"special-heading-inner-border\"><\/div><\/div><\/div><\/div><div class='flex_column av-7s01ny-f65214454b5282be318814204b1faaa5 av_one_half  avia-builder-el-6  el_after_av_one_full  el_before_av_one_half  first flex_column_div column-top-margin'     ><section  class='av_textblock_section av-kvmfwi63-7fde9599ceff628e016c1544251a2096'  itemscope=\"itemscope\" itemtype=\"https:\/\/schema.org\/CreativeWork\" ><div class='avia_textblock'  itemprop=\"text\" ><h3 style=\"padding-top: 20px;\"><span style=\"color: #333333;\"><span style=\"vertical-align: inherit;\"><span style=\"vertical-align: inherit;\"><span style=\"vertical-align: inherit;\"><span style=\"vertical-align: inherit;\"><span style=\"vertical-align: inherit;\"><span style=\"vertical-align: inherit;\">Merkmale<\/span><\/span><\/span><\/span><\/span><\/span><\/span><\/h3>\n<p>Zul\u00e4ssige Gesamtmasse bis max. 3500 kg max. 8 Personen (au\u00dfer dem Fahrzeugf\u00fchrer) ausgenommen KfZ der Klassen A1, A2 und A dreir\u00e4drige Kfz im Inland von mehr als 15 kW: Mindestalter hierf\u00fcr ist 21 Jahre<\/p>\n<h3><span style=\"color: #333333;\">Anh\u00e4ngerregelung<\/span><\/h3>\n<p>Anh\u00e4nger mit einer zGM bis max. 750 kg sind f\u00fchrerscheinrechtlich immer erlaubt<br \/>\nAnh\u00e4nger mit einer zGM \u00fcber 750 kg sind erlaubt, wenn die zGM der Fahrzeugkombination 3500 kg nicht \u00fcbersteigt<\/p>\n<\/div><\/section><br \/>\n<section  class='av_textblock_section av-kvmg6s0f-a6b51cb940ea95ea34fca3cc81ae9492'  itemscope=\"itemscope\" itemtype=\"https:\/\/schema.org\/CreativeWork\" ><div class='avia_textblock'  itemprop=\"text\" ><h3><span style=\"color: #333333;\"><span style=\"vertical-align: inherit;\"><span style=\"vertical-align: inherit;\"><span style=\"vertical-align: inherit;\"><span style=\"vertical-align: inherit;\"><span style=\"vertical-align: inherit;\"><span style=\"vertical-align: inherit;\"><span style=\"vertical-align: inherit;\"><span style=\"vertical-align: inherit;\">Ausbildung<\/span><\/span><\/span><\/span><\/span><\/span><\/span><\/span><\/span><\/h3>\n<p><strong>Mindestalter:<\/strong> 18 Jahre &#8212; 17 Jahre beim begleiteten Fahren (BF17)<br \/>\n<strong>Ausbildung:<\/strong> Theorie und Praxis<br \/>\n<strong>Pr\u00fcfung:<\/strong> Theoriepr\u00fcfung und praktische Pr\u00fcfung<br \/>\n<strong>Eingeschlossene Klassen:<\/strong> AM und L<\/p>\n<\/div><\/section><\/p><\/div><div class='flex_column av-j6wem-d8a34145b865c16ea803bba5d85b33f5 av_one_half  avia-builder-el-9  el_after_av_one_half  avia-builder-el-last  flex_column_div column-top-margin'     ><style type=\"text\/css\" data-created_by=\"avia_inline_auto\" id=\"style-css-av-kvmfhj5b-4c1a43bb3b69dc22c49283a1260c1b0f\">\n.avia-image-container.av-kvmfhj5b-4c1a43bb3b69dc22c49283a1260c1b0f img.avia_image{\nbox-shadow:none;\n}\n.avia-image-container.av-kvmfhj5b-4c1a43bb3b69dc22c49283a1260c1b0f .av-image-caption-overlay-center{\ncolor:#ffffff;\n}\n<\/style>\n<div  class='avia-image-container av-kvmfhj5b-4c1a43bb3b69dc22c49283a1260c1b0f av-styling- avia-align-center  avia-builder-el-10  avia-builder-el-no-sibling '   itemprop=\"image\" itemscope=\"itemscope\" itemtype=\"https:\/\/schema.org\/ImageObject\" ><div class=\"avia-image-container-inner\"><div class=\"avia-image-overlay-wrap\"><img decoding=\"async\" class='wp-image-5137 avia-img-lazy-loading-not-5137 avia_image ' src=\"https:\/\/alt.fahrschule-fahrplan.de\/wp-content\/uploads\/2022\/11\/Klasse-B.jpg\" alt='' title='Klasse-B'  height=\"493\" width=\"740\"  itemprop=\"thumbnailUrl\" srcset=\"https:\/\/alt.fahrschule-fahrplan.de\/wp-content\/uploads\/2022\/11\/Klasse-B.jpg 740w, https:\/\/alt.fahrschule-fahrplan.de\/wp-content\/uploads\/2022\/11\/Klasse-B-300x200.jpg 300w, https:\/\/alt.fahrschule-fahrplan.de\/wp-content\/uploads\/2022\/11\/Klasse-B-705x470.jpg 705w\" sizes=\"(max-width: 740px) 100vw, 740px\" \/><\/div><\/div><\/div><\/div><\/div><\/div><\/div><!-- close content main div --><\/div><\/div><div id='av_section_3'  class='avia-section av-gemj3y-019fcc966eb07a1f53ba5ea1547033c7 main_color avia-section-default avia-no-border-styling  avia-builder-el-11  el_after_av_section  el_before_av_section  avia-bg-style-scroll container_wrap fullsize'  ><div class='container av-section-cont-open' ><div class='template-page content  av-content-full alpha units'><div class='post-entry post-entry-type-page post-entry-4673'><div class='entry-content-wrapper clearfix'>\n<div class='flex_column av-dfofpq-62c6e2e05379e159819bd1acf60a95c0 av_one_half  avia-builder-el-12  el_before_av_one_half  avia-builder-el-first  first flex_column_div '     ><section  class='av_textblock_section av-kvmjz3bw-5587edfa90cb932b711ea1c717cec236'  itemscope=\"itemscope\" itemtype=\"https:\/\/schema.org\/CreativeWork\" ><div class='avia_textblock'  itemprop=\"text\" ><h3><span style=\"color: #333333;\">Eingeschlossene Klassen\u00a0<\/span><\/h3>\n<h3><\/h3>\n<p><strong>Normalfahrten (Stadtfahrten):<\/strong><br \/>\nBei den Normalfahrten (Stadtfahrten) gibt es keine generelle Begrenzung oder Pflicht. Hier kommt es individuell darauf an wie schnell du lernst mit dem Fahrzeug und den Regeln zurecht zukommen.<\/p>\n<p><strong>Sonderfahrten:<\/strong><br \/>\n<strong>12 Sonderfahrten sind Gesetzlich vorgeschrieben:<\/strong><\/p>\n<p>5 Stunden \u00e1 45 Minuten Landstra\u00dfe<br \/>\n4 Stunden \u00e1 45 Minuten Autobahn<br \/>\n3 Stunden \u00e1 45 Minuten Nacht oder D\u00e4mmerung<\/p>\n<h3><span style=\"color: #333333;\">Theoriepr\u00fcfung<\/span><\/h3>\n<p>Fr\u00fchestens drei Monate vor erreichen des Mindestalters.<br \/>\nAusweis und T\u00dcV-Gutschein nicht vergessen.<\/p>\n<p>Bei Ersterteilung<br \/>\nFragebogen mit 30 Fragen<br \/>\nab 11 Fehlerpunkten ist die Pr\u00fcfung nicht bestanden<\/p>\n<p>bei Erweiterung (Vorbesitz z.B. Klasse A1)<br \/>\nFragebogen mit 20 Fragen<br \/>\nab 7 Fehlerpunkten ist die Pr\u00fcfung nicht bestanden<\/p>\n<h3><span style=\"color: #333333;\">Praktische Pr\u00fcfung<\/span><\/h3>\n<p>Fr\u00fchestens einen Monat vor erreichen des Mindestalters.<br \/>\nAusweis und T\u00dcV-Gutschein nicht vergessen.<br \/>\nDauer insgesamt 55 Minuten.<\/p>\n<\/div><\/section><\/div><div class='flex_column av-157an2-d14fce3d18867ab3dfd51a2162659377 av_one_half  avia-builder-el-14  el_after_av_one_half  avia-builder-el-last  flex_column_div '     ><style type=\"text\/css\" data-created_by=\"avia_inline_auto\" id=\"style-css-av-kvmjo9lf-7def62393a085e64b1601411c10cf23b\">\n.avia-image-container.av-kvmjo9lf-7def62393a085e64b1601411c10cf23b img.avia_image{\nbox-shadow:none;\n}\n.avia-image-container.av-kvmjo9lf-7def62393a085e64b1601411c10cf23b .av-image-caption-overlay-center{\ncolor:#ffffff;\n}\n<\/style>\n<div  class='avia-image-container av-kvmjo9lf-7def62393a085e64b1601411c10cf23b av-styling- avia-align-center  avia-builder-el-15  avia-builder-el-no-sibling '   itemprop=\"image\" itemscope=\"itemscope\" itemtype=\"https:\/\/schema.org\/ImageObject\" ><div class=\"avia-image-container-inner\"><div class=\"avia-image-overlay-wrap\"><img decoding=\"async\" class='wp-image-5139 avia-img-lazy-loading-not-5139 avia_image ' src=\"https:\/\/alt.fahrschule-fahrplan.de\/wp-content\/uploads\/2022\/11\/Klasse-B-1.jpg\" alt='' title='Klasse-B-1'  height=\"493\" width=\"740\"  itemprop=\"thumbnailUrl\" srcset=\"https:\/\/alt.fahrschule-fahrplan.de\/wp-content\/uploads\/2022\/11\/Klasse-B-1.jpg 740w, https:\/\/alt.fahrschule-fahrplan.de\/wp-content\/uploads\/2022\/11\/Klasse-B-1-300x200.jpg 300w, https:\/\/alt.fahrschule-fahrplan.de\/wp-content\/uploads\/2022\/11\/Klasse-B-1-705x470.jpg 705w\" sizes=\"(max-width: 740px) 100vw, 740px\" \/><\/div><\/div><\/div><\/div><\/div><\/div><\/div><!-- close content main div --><\/div><\/div>\n<style type=\"text\/css\" data-created_by=\"avia_inline_auto\" id=\"style-css-av-9knpym-2bdf5c35278b656b32e3a9383e64e9c0\">\n.avia-section.av-9knpym-2bdf5c35278b656b32e3a9383e64e9c0{\nbackground-color:#00a2ff;\nbackground-image:unset;\n}\n<\/style>\n<div id='av_section_4'  class='avia-section av-9knpym-2bdf5c35278b656b32e3a9383e64e9c0 main_color avia-section-large avia-no-border-styling  avia-builder-el-16  el_after_av_section  avia-builder-el-last  avia-bg-style-scroll container_wrap fullsize'  ><div class='container av-section-cont-open' ><div class='template-page content  av-content-full alpha units'><div class='post-entry post-entry-type-page post-entry-4673'><div class='entry-content-wrapper clearfix'>\n\n<style type=\"text\/css\" data-created_by=\"avia_inline_auto\" id=\"style-css-av-7jpoxa-12d067417ce70f4b35863ed11c38a441\">\n.flex_column.av-7jpoxa-12d067417ce70f4b35863ed11c38a441{\n-webkit-border-radius:0px 0px 0px 0px;\n-moz-border-radius:0px 0px 0px 0px;\nborder-radius:0px 0px 0px 0px;\npadding:0px 0px 0px 0px;\n}\n<\/style>\n<div class='flex_column av-7jpoxa-12d067417ce70f4b35863ed11c38a441 av_three_fourth  avia-builder-el-17  el_before_av_one_fourth  avia-builder-el-first  first flex_column_div av-zero-column-padding '     ><style type=\"text\/css\" data-created_by=\"avia_inline_auto\" id=\"style-css-av-ll9z2-eebca79d9edbba045d162b157fcdc9d3\">\n#top .av_textblock_section.av-ll9z2-eebca79d9edbba045d162b157fcdc9d3 .avia_textblock{\nfont-size:22px;\ncolor:#ffffff;\n}\n<\/style>\n<section  class='av_textblock_section av-ll9z2-eebca79d9edbba045d162b157fcdc9d3'  itemscope=\"itemscope\" itemtype=\"https:\/\/schema.org\/CreativeWork\" ><div class='avia_textblock av_inherit_color'  itemprop=\"text\" ><h3 style=\"text-align: center;\"><span style=\"color: #ffffff;\"><em><strong><span style=\"vertical-align: inherit;\"><span style=\"vertical-align: inherit;\"><span style=\"vertical-align: inherit;\"><span style=\"vertical-align: inherit;\">Wenn wir Fragen haben, dann kontaktieren Sie uns<\/span><\/span><\/span><\/span><\/strong><\/em><\/span><\/h3>\n<\/div><\/section><\/div>\n<style type=\"text\/css\" data-created_by=\"avia_inline_auto\" id=\"style-css-av-4dg6i6-85302dfe26f221e349d633c071caaab2\">\n.flex_column.av-4dg6i6-85302dfe26f221e349d633c071caaab2{\n-webkit-border-radius:0px 0px 0px 0px;\n-moz-border-radius:0px 0px 0px 0px;\nborder-radius:0px 0px 0px 0px;\npadding:0px 0px 0px 0px;\n}\n<\/style>\n<div class='flex_column av-4dg6i6-85302dfe26f221e349d633c071caaab2 av_one_fourth  avia-builder-el-19  el_after_av_three_fourth  avia-builder-el-last  flex_column_div av-zero-column-padding '     ><div  class='avia-button-wrap av-2wfbda-2bdde7787b0712db10874ffe9b8700d6-wrap avia-button-center  avia-builder-el-20  avia-builder-el-no-sibling '>\n<style type=\"text\/css\" data-created_by=\"avia_inline_auto\" id=\"style-css-av-2wfbda-2bdde7787b0712db10874ffe9b8700d6\">\n#top #wrap_all .avia-button.av-2wfbda-2bdde7787b0712db10874ffe9b8700d6{\nbackground-color:#ffffff;\nborder-color:#ffffff;\ncolor:#00a2ff;\n-webkit-transition:all 0.4s ease-in-out;\n-moz-transition:all 0.4s ease-in-out;\n-ms-transition:all 0.4s ease-in-out;\n-o-transition:all 0.4s ease-in-out;\ntransition:all 0.4s ease-in-out;\n}\n<\/style>\n<a href='https:\/\/www.fahrschule-fahrplan.de\/en\/contact\/'  class='avia-button av-2wfbda-2bdde7787b0712db10874ffe9b8700d6 avia-icon_select-yes-left-icon avia-size-medium avia-position-center'  ><span class='avia_button_icon avia_button_icon_left' aria-hidden='true' data-av_icon='\ue805' data-av_iconfont='entypo-fontello'><\/span><span class='avia_iconbox_title' >Contact<\/span><\/a><\/div><\/div>\n<\/p>\n","protected":false},"excerpt":{"rendered":"","protected":false},"author":2,"featured_media":0,"parent":0,"menu_order":0,"comment_status":"closed","ping_status":"closed","template":"","meta":{"_seopress_robots_primary_cat":"","_seopress_titles_title":"","_seopress_titles_desc":"","_seopress_robots_index":"","footnotes":""},"class_list":["post-4673","page","type-page","status-publish","hentry"],"_links":{"self":[{"href":"https:\/\/alt.fahrschule-fahrplan.de\/en\/wp-json\/wp\/v2\/pages\/4673","targetHints":{"allow":["GET"]}}],"collection":[{"href":"https:\/\/alt.fahrschule-fahrplan.de\/en\/wp-json\/wp\/v2\/pages"}],"about":[{"href":"https:\/\/alt.fahrschule-fahrplan.de\/en\/wp-json\/wp\/v2\/types\/page"}],"author":[{"embeddable":true,"href":"https:\/\/alt.fahrschule-fahrplan.de\/en\/wp-json\/wp\/v2\/users\/2"}],"replies":[{"embeddable":true,"href":"https:\/\/alt.fahrschule-fahrplan.de\/en\/wp-json\/wp\/v2\/comments?post=4673"}],"version-history":[{"count":11,"href":"https:\/\/alt.fahrschule-fahrplan.de\/en\/wp-json\/wp\/v2\/pages\/4673\/revisions"}],"predecessor-version":[{"id":5321,"href":"https:\/\/alt.fahrschule-fahrplan.de\/en\/wp-json\/wp\/v2\/pages\/4673\/revisions\/5321"}],"wp:attachment":[{"href":"https:\/\/alt.fahrschule-fahrplan.de\/en\/wp-json\/wp\/v2\/media?parent=4673"}],"curies":[{"name":"wp","href":"https:\/\/api.w.org\/{rel}","templated":true}]}}