{"id":4714,"date":"2021-11-05T17:07:35","date_gmt":"2021-11-05T16:07:35","guid":{"rendered":"https:\/\/www.fahrschule-fahrplan.de\/?page_id=4714"},"modified":"2022-12-27T12:25:22","modified_gmt":"2022-12-27T11:25:22","slug":"klasse-b197","status":"publish","type":"page","link":"https:\/\/alt.fahrschule-fahrplan.de\/en\/klasse-b197\/","title":{"rendered":"Class B197"},"content":{"rendered":"\n<style type=\"text\/css\" data-created_by=\"avia_inline_auto\" id=\"style-css-av-4yen1j-eddb2d65e1c2de425c0715e08cccedd0\">\n.avia-section.av-4yen1j-eddb2d65e1c2de425c0715e08cccedd0{\nbackground-repeat:no-repeat;\nbackground-image:url(https:\/\/alt.fahrschule-fahrplan.de\/wp-content\/uploads\/2021\/11\/Klasse-B-1.jpg);\nbackground-position:50% 50%;\nbackground-attachment:scroll;\n}\n.avia-section.av-4yen1j-eddb2d65e1c2de425c0715e08cccedd0 .av-section-color-overlay{\nopacity:0.8;\nbackground-color:#295d75;\n}\n<\/style>\n<div id='av_section_1'  class='avia-section av-4yen1j-eddb2d65e1c2de425c0715e08cccedd0 main_color avia-section-default avia-no-border-styling  avia-builder-el-0  el_before_av_section  avia-builder-el-first  avia-full-stretch avia-bg-style-scroll av-section-color-overlay-active av-minimum-height av-minimum-height-custom  container_wrap fullsize'  data-section-bg-repeat='stretch' data-av_minimum_height_px='500'><div class=\"av-section-color-overlay-wrap\"><div class=\"av-section-color-overlay\"><\/div><div class='container av-section-cont-open' style='height:500px'><main  role=\"main\" itemprop=\"mainContentOfPage\"  class='template-page content  av-content-full alpha units'><div class='post-entry post-entry-type-page post-entry-4714'><div class='entry-content-wrapper clearfix'>\n\n<style type=\"text\/css\" data-created_by=\"avia_inline_auto\" id=\"style-css-av-309cjr-c331d9c2cc052209a22f3922b8514721\">\n.flex_column.av-309cjr-c331d9c2cc052209a22f3922b8514721{\n-webkit-border-radius:0px 0px 0px 0px;\n-moz-border-radius:0px 0px 0px 0px;\nborder-radius:0px 0px 0px 0px;\npadding:0px 0px 0px 0px;\n}\n<\/style>\n<div class='flex_column av-309cjr-c331d9c2cc052209a22f3922b8514721 av_one_full  avia-builder-el-1  avia-builder-el-no-sibling  first flex_column_div av-animated-generic right-to-left av-zero-column-padding '     ><style type=\"text\/css\" data-created_by=\"avia_inline_auto\" id=\"style-css-av-kvmk6bqb-ea178d5f173fefe5dbd6eab3bf5002ff\">\n#top .av-special-heading.av-kvmk6bqb-ea178d5f173fefe5dbd6eab3bf5002ff{\npadding-bottom:10px;\ncolor:#ffffff;\nfont-size:52px;\n}\nbody .av-special-heading.av-kvmk6bqb-ea178d5f173fefe5dbd6eab3bf5002ff .av-special-heading-tag .heading-char{\nfont-size:25px;\n}\n#top #wrap_all .av-special-heading.av-kvmk6bqb-ea178d5f173fefe5dbd6eab3bf5002ff .av-special-heading-tag{\nfont-size:52px;\n}\n.av-special-heading.av-kvmk6bqb-ea178d5f173fefe5dbd6eab3bf5002ff .special-heading-inner-border{\nborder-color:#ffffff;\n}\n.av-special-heading.av-kvmk6bqb-ea178d5f173fefe5dbd6eab3bf5002ff .av-subheading{\nfont-size:18px;\n}\n\n@media only screen and (min-width: 480px) and (max-width: 767px){ \n#top #wrap_all .av-special-heading.av-kvmk6bqb-ea178d5f173fefe5dbd6eab3bf5002ff .av-special-heading-tag{\nfont-size:0.8em;\n}\n}\n\n@media only screen and (max-width: 479px){ \n#top #wrap_all .av-special-heading.av-kvmk6bqb-ea178d5f173fefe5dbd6eab3bf5002ff .av-special-heading-tag{\nfont-size:0.8em;\n}\n}\n<\/style>\n<div  class='av-special-heading av-kvmk6bqb-ea178d5f173fefe5dbd6eab3bf5002ff av-special-heading-h1 custom-color-heading blockquote modern-quote  avia-builder-el-2  avia-builder-el-no-sibling  av-inherit-size'><h1 class='av-special-heading-tag'  itemprop=\"headline\"  >Klasse B197<\/h1><div class=\"special-heading-border\"><div class=\"special-heading-inner-border\"><\/div><\/div><\/div><\/div>\n\n<\/div><\/div><\/main><!-- close content main element --><\/div><\/div><\/div><div id='av_section_2'  class='avia-section av-7pelif-9a7e7cc657924de65eca38098fde46cb main_color avia-section-default avia-no-border-styling  avia-builder-el-3  el_after_av_section  el_before_av_section  avia-bg-style-scroll container_wrap fullsize'  ><div class='container av-section-cont-open' ><div class='template-page content  av-content-full alpha units'><div class='post-entry post-entry-type-page post-entry-4714'><div class='entry-content-wrapper clearfix'>\n<div class='flex_column av-k1rk7-10edb349c783a78a07b0508521a760bf av_one_full  avia-builder-el-4  el_before_av_one_half  avia-builder-el-first  first flex_column_div '     ><style type=\"text\/css\" data-created_by=\"avia_inline_auto\" id=\"style-css-av-kvmka7p0-fac0aa858852094dff3a0a546ed66aec\">\n#top .av-special-heading.av-kvmka7p0-fac0aa858852094dff3a0a546ed66aec{\npadding-bottom:10px;\n}\nbody .av-special-heading.av-kvmka7p0-fac0aa858852094dff3a0a546ed66aec .av-special-heading-tag .heading-char{\nfont-size:25px;\n}\n.av-special-heading.av-kvmka7p0-fac0aa858852094dff3a0a546ed66aec .av-subheading{\nfont-size:15px;\n}\n<\/style>\n<div  class='av-special-heading av-kvmka7p0-fac0aa858852094dff3a0a546ed66aec av-special-heading-h2 blockquote modern-quote modern-centered  avia-builder-el-5  avia-builder-el-no-sibling '><h2 class='av-special-heading-tag'  itemprop=\"headline\"  >Merkmale und Spezifikation f\u00fcr Klasse B197<\/h2><div class=\"special-heading-border\"><div class=\"special-heading-inner-border\"><\/div><\/div><\/div><\/div><div class='flex_column av-432drb-7ccfdba74f8256ffd18c5a23ca639841 av_one_half  avia-builder-el-6  el_after_av_one_full  el_before_av_one_half  first flex_column_div column-top-margin'     ><section  class='av_textblock_section av-kvmkiio1-c71b72933711afa87103cf903cdfa06c'  itemscope=\"itemscope\" itemtype=\"https:\/\/schema.org\/CreativeWork\" ><div class='avia_textblock'  itemprop=\"text\" ><h3>Merkmale<\/h3>\n<p>F\u00fcr die Fahrerlaubnis der Klasse B (incl. bF17) wird zuk\u00fcnftig die M\u00f6glichkeit geschaffen, trotz praktischer Fahrerlaubnispr\u00fcfung auf einem Fahrzeug ohne Schaltgetriebe die Fahrerlaubnis unbeschr\u00e4nkt zu erteilen<\/p>\n<h3>Ausbildung<\/h3>\n<ul>\n<li>Der Fahrsch\u00fcler absolviert eine in die Ausbildung integrierte Schulung auf einem Fahrzeug mit Schaltgetriebe<\/li>\n<li>Die Schulung umfasst mindestens 10 Unterrichtseinheiten \u00e0 45 Minuten im Realverkehr<\/li>\n<li>Ziel der Schulung ist der sichere Umgang der Sch\u00fclers mit einem Fahrzeug mit Schaltgetriebe<\/li>\n<li>Nachweisen muss der Sch\u00fcler dies im Rahmen einer Testfahrt von mindestens 15 Minuten Fahrzeit mit dem Fahrlehrer. Diese Fahrt muss innerorts und au\u00dferorts stattfinden<\/li>\n<li>Der Fahrlehrer bzw. die Fahrschule stellt eine Bescheinigung aus, welche die Teilnahme an der Schulung und das Bestehen des Tests best\u00e4tigt. Die Bescheinigung wird bei der praktischen Pr\u00fcfung (auf einem Automatikfahrzeug) vorgelegt.<\/li>\n<li>Der Nachweis erfolgt durch die Eintragung der Schl\u00fcsselzahl 197 im zugeh\u00f6rigen Feld der Klasse B im F\u00fchrerschein<\/li>\n<li>Die Schl\u00fcsselzahl 197 sagt aus, dass die Pr\u00fcfung auf einem Fahrzeug ohne Schaltgetriebe mit Automatikgetriebe abgelegt wurde<\/li>\n<li>Die Fahrerlaubnis B197 ist auch im Ausland g\u00fcltig<\/li>\n<li>Bei einer Erweiterung der Klasse B197 muss die Aufstiegspr\u00fcfung auf einem Fahrzeug mit Schaltgetriebe stattfinden (z.B. Erweiterung der Klasse B197 auf die Klasse BE)<\/li>\n<\/ul>\n<\/div><\/section><\/div><div class='flex_column av-32fd6v-1d156da7c5854922510e7fbb20d39769 av_one_half  avia-builder-el-8  el_after_av_one_half  avia-builder-el-last  flex_column_div column-top-margin'     ><style type=\"text\/css\" data-created_by=\"avia_inline_auto\" id=\"style-css-av-kvmkftfv-2ade48302af1640c7c5f0508c7578c2c\">\n.avia-image-container.av-kvmkftfv-2ade48302af1640c7c5f0508c7578c2c img.avia_image{\nbox-shadow:none;\n}\n.avia-image-container.av-kvmkftfv-2ade48302af1640c7c5f0508c7578c2c .av-image-caption-overlay-center{\ncolor:#ffffff;\n}\n<\/style>\n<div  class='avia-image-container av-kvmkftfv-2ade48302af1640c7c5f0508c7578c2c av-styling- avia-align-center  avia-builder-el-9  avia-builder-el-no-sibling '   itemprop=\"image\" itemscope=\"itemscope\" itemtype=\"https:\/\/schema.org\/ImageObject\" ><div class=\"avia-image-container-inner\"><div class=\"avia-image-overlay-wrap\"><img decoding=\"async\" class='wp-image-5147 avia-img-lazy-loading-not-5147 avia_image ' src=\"https:\/\/alt.fahrschule-fahrplan.de\/wp-content\/uploads\/2022\/11\/klasse-b197.png\" alt='' title='klasse-b197'  height=\"493\" width=\"1000\"  itemprop=\"thumbnailUrl\" srcset=\"https:\/\/alt.fahrschule-fahrplan.de\/wp-content\/uploads\/2022\/11\/klasse-b197.png 1000w, https:\/\/alt.fahrschule-fahrplan.de\/wp-content\/uploads\/2022\/11\/klasse-b197-300x148.png 300w, https:\/\/alt.fahrschule-fahrplan.de\/wp-content\/uploads\/2022\/11\/klasse-b197-768x379.png 768w, https:\/\/alt.fahrschule-fahrplan.de\/wp-content\/uploads\/2022\/11\/klasse-b197-705x348.png 705w\" sizes=\"(max-width: 1000px) 100vw, 1000px\" \/><\/div><\/div><\/div><\/div><\/div><\/div><\/div><!-- close content main div --><\/div><\/div>\n<style type=\"text\/css\" data-created_by=\"avia_inline_auto\" id=\"style-css-av-9b32lj-dcafab4a2506c3e9b9ffdb70f4638591\">\n.avia-section.av-9b32lj-dcafab4a2506c3e9b9ffdb70f4638591{\nbackground-color:#00a2ff;\nbackground-image:unset;\n}\n<\/style>\n<div id='av_section_3'  class='avia-section av-9b32lj-dcafab4a2506c3e9b9ffdb70f4638591 main_color avia-section-large avia-no-border-styling  avia-builder-el-10  el_after_av_section  avia-builder-el-last  avia-bg-style-scroll container_wrap fullsize'  ><div class='container av-section-cont-open' ><div class='template-page content  av-content-full alpha units'><div class='post-entry post-entry-type-page post-entry-4714'><div class='entry-content-wrapper clearfix'>\n\n<style type=\"text\/css\" data-created_by=\"avia_inline_auto\" id=\"style-css-av-7gpo2v-1600740d1469d7ba8b22f8a9ff85f89e\">\n.flex_column.av-7gpo2v-1600740d1469d7ba8b22f8a9ff85f89e{\n-webkit-border-radius:0px 0px 0px 0px;\n-moz-border-radius:0px 0px 0px 0px;\nborder-radius:0px 0px 0px 0px;\npadding:0px 0px 0px 0px;\n}\n<\/style>\n<div class='flex_column av-7gpo2v-1600740d1469d7ba8b22f8a9ff85f89e av_three_fourth  avia-builder-el-11  el_before_av_one_fourth  avia-builder-el-first  first flex_column_div av-zero-column-padding '     ><style type=\"text\/css\" data-created_by=\"avia_inline_auto\" id=\"style-css-av-5zsg47-903e0dec776756ebda4875bf5380b7eb\">\n#top .av_textblock_section.av-5zsg47-903e0dec776756ebda4875bf5380b7eb .avia_textblock{\nfont-size:22px;\ncolor:#ffffff;\n}\n<\/style>\n<section  class='av_textblock_section av-5zsg47-903e0dec776756ebda4875bf5380b7eb'  itemscope=\"itemscope\" itemtype=\"https:\/\/schema.org\/CreativeWork\" ><div class='avia_textblock av_inherit_color'  itemprop=\"text\" ><h3 style=\"text-align: center;\"><span style=\"color: #ffffff;\"><em><strong><span style=\"vertical-align: inherit;\"><span style=\"vertical-align: inherit;\"><span style=\"vertical-align: inherit;\"><span style=\"vertical-align: inherit;\">Wenn wir Fragen haben, dann kontaktieren Sie uns<\/span><\/span><\/span><\/span><\/strong><\/em><\/span><\/h3>\n<\/div><\/section><\/div>\n<style type=\"text\/css\" data-created_by=\"avia_inline_auto\" id=\"style-css-av-4bgt3r-88093bd3c203daeefcf01b77756b4145\">\n.flex_column.av-4bgt3r-88093bd3c203daeefcf01b77756b4145{\n-webkit-border-radius:0px 0px 0px 0px;\n-moz-border-radius:0px 0px 0px 0px;\nborder-radius:0px 0px 0px 0px;\npadding:0px 0px 0px 0px;\n}\n<\/style>\n<div class='flex_column av-4bgt3r-88093bd3c203daeefcf01b77756b4145 av_one_fourth  avia-builder-el-13  el_after_av_three_fourth  avia-builder-el-last  flex_column_div av-zero-column-padding '     ><div  class='avia-button-wrap av-1uvxpz-b527d9c51b329092fb653d328bb5d291-wrap avia-button-center  avia-builder-el-14  avia-builder-el-no-sibling '>\n<style type=\"text\/css\" data-created_by=\"avia_inline_auto\" id=\"style-css-av-1uvxpz-b527d9c51b329092fb653d328bb5d291\">\n#top #wrap_all .avia-button.av-1uvxpz-b527d9c51b329092fb653d328bb5d291{\nbackground-color:#ffffff;\nborder-color:#ffffff;\ncolor:#00a2ff;\n-webkit-transition:all 0.4s ease-in-out;\n-moz-transition:all 0.4s ease-in-out;\n-ms-transition:all 0.4s ease-in-out;\n-o-transition:all 0.4s ease-in-out;\ntransition:all 0.4s ease-in-out;\n}\n<\/style>\n<a href='https:\/\/www.fahrschule-fahrplan.de\/en\/contact\/'  class='avia-button av-1uvxpz-b527d9c51b329092fb653d328bb5d291 avia-icon_select-yes-left-icon avia-size-medium avia-position-center'  ><span class='avia_button_icon avia_button_icon_left' aria-hidden='true' data-av_icon='\ue805' data-av_iconfont='entypo-fontello'><\/span><span class='avia_iconbox_title' >Contact<\/span><\/a><\/div><\/div>\n<\/p>\n","protected":false},"excerpt":{"rendered":"","protected":false},"author":2,"featured_media":0,"parent":0,"menu_order":0,"comment_status":"closed","ping_status":"closed","template":"","meta":{"_seopress_robots_primary_cat":"","_seopress_titles_title":"","_seopress_titles_desc":"","_seopress_robots_index":"","footnotes":""},"class_list":["post-4714","page","type-page","status-publish","hentry"],"_links":{"self":[{"href":"https:\/\/alt.fahrschule-fahrplan.de\/en\/wp-json\/wp\/v2\/pages\/4714","targetHints":{"allow":["GET"]}}],"collection":[{"href":"https:\/\/alt.fahrschule-fahrplan.de\/en\/wp-json\/wp\/v2\/pages"}],"about":[{"href":"https:\/\/alt.fahrschule-fahrplan.de\/en\/wp-json\/wp\/v2\/types\/page"}],"author":[{"embeddable":true,"href":"https:\/\/alt.fahrschule-fahrplan.de\/en\/wp-json\/wp\/v2\/users\/2"}],"replies":[{"embeddable":true,"href":"https:\/\/alt.fahrschule-fahrplan.de\/en\/wp-json\/wp\/v2\/comments?post=4714"}],"version-history":[{"count":6,"href":"https:\/\/alt.fahrschule-fahrplan.de\/en\/wp-json\/wp\/v2\/pages\/4714\/revisions"}],"predecessor-version":[{"id":5317,"href":"https:\/\/alt.fahrschule-fahrplan.de\/en\/wp-json\/wp\/v2\/pages\/4714\/revisions\/5317"}],"wp:attachment":[{"href":"https:\/\/alt.fahrschule-fahrplan.de\/en\/wp-json\/wp\/v2\/media?parent=4714"}],"curies":[{"name":"wp","href":"https:\/\/api.w.org\/{rel}","templated":true}]}}